{"id":259,"date":"2024-04-11T17:00:35","date_gmt":"2024-04-11T20:00:35","guid":{"rendered":"https:\/\/labit.tec.br\/?page_id=259"},"modified":"2024-04-30T17:31:05","modified_gmt":"2024-04-30T20:31:05","slug":"quem-somos","status":"publish","type":"page","link":"https:\/\/labit.tec.br\/index.php\/quem-somos\/","title":{"rendered":"Quem Somos"},"content":{"rendered":"\t\t<div data-elementor-type=\"wp-page\" data-elementor-id=\"259\" class=\"elementor elementor-259\">\n\t\t\t\t<div class=\"elementor-element elementor-element-dc560a4 e-flex e-con-boxed e-con e-parent\" data-id=\"dc560a4\" data-element_type=\"container\" data-settings=\"{&quot;background_background&quot;:&quot;classic&quot;}\" data-core-v316-plus=\"true\">\n\t\t\t\t\t<div class=\"e-con-inner\">\n\t\t\t\t<div class=\"elementor-element elementor-element-efa38ea elementor-widget elementor-widget-heading\" data-id=\"efa38ea\" data-element_type=\"widget\" data-widget_type=\"heading.default\">\n\t\t\t\t<div class=\"elementor-widget-container\">\n\t\t\t<style>\/*! elementor - v3.20.0 - 26-03-2024 *\/\n.elementor-heading-title{padding:0;margin:0;line-height:1}.elementor-widget-heading .elementor-heading-title[class*=elementor-size-]>a{color:inherit;font-size:inherit;line-height:inherit}.elementor-widget-heading .elementor-heading-title.elementor-size-small{font-size:15px}.elementor-widget-heading .elementor-heading-title.elementor-size-medium{font-size:19px}.elementor-widget-heading .elementor-heading-title.elementor-size-large{font-size:29px}.elementor-widget-heading .elementor-heading-title.elementor-size-xl{font-size:39px}.elementor-widget-heading .elementor-heading-title.elementor-size-xxl{font-size:59px}<\/style><h2 class=\"elementor-heading-title elementor-size-default\">Quem somos<\/h2>\t\t<\/div>\n\t\t\t\t<\/div>\n\t\t\t\t\t<\/div>\n\t\t\t\t<\/div>\n\t\t<div class=\"elementor-element elementor-element-c011e44 e-flex e-con-boxed e-con e-parent\" data-id=\"c011e44\" data-element_type=\"container\" data-core-v316-plus=\"true\">\n\t\t\t\t\t<div class=\"e-con-inner\">\n\t\t\t\t<div class=\"elementor-element elementor-element-aa19397 elementor-widget elementor-widget-text-editor\" data-id=\"aa19397\" data-element_type=\"widget\" data-widget_type=\"text-editor.default\">\n\t\t\t\t<div class=\"elementor-widget-container\">\n\t\t\t<style>\/*! elementor - v3.20.0 - 26-03-2024 *\/\n.elementor-widget-text-editor.elementor-drop-cap-view-stacked .elementor-drop-cap{background-color:#69727d;color:#fff}.elementor-widget-text-editor.elementor-drop-cap-view-framed .elementor-drop-cap{color:#69727d;border:3px solid;background-color:transparent}.elementor-widget-text-editor:not(.elementor-drop-cap-view-default) .elementor-drop-cap{margin-top:8px}.elementor-widget-text-editor:not(.elementor-drop-cap-view-default) .elementor-drop-cap-letter{width:1em;height:1em}.elementor-widget-text-editor .elementor-drop-cap{float:left;text-align:center;line-height:1;font-size:50px}.elementor-widget-text-editor .elementor-drop-cap-letter{display:inline-block}<\/style>\t\t\t\t<p>Somos uma empresa focada em trazer solu\u00e7\u00f5es e resultados em an\u00e1lise de dados para seu neg\u00f3cio.<\/p>\n<p>Formamos a s\u00edntese perfeita entre <b>gest\u00e3o de neg\u00f3cios em s\u00e1ude<\/b> e <b>tecnologia<\/b>, onde a expertise de uma equipe multidisciplinar se une para oferecer solu\u00e7\u00f5es inovadoras e personalizadas. Com mais de duas d\u00e9cadas de experi\u00eancia nas \u00e1reas de neg\u00f3cios, gest\u00e3o, an\u00e1lises cl\u00ednicas, tecnologia, inova\u00e7\u00e3o, an\u00e1lise de dados e desenvolvimento, nossa equipe est\u00e1 preparada para enfrentar os desafios mais complexos do mercado.<\/p>\t\t\t\t\t\t<\/div>\n\t\t\t\t<\/div>\n\t\t<div class=\"elementor-element elementor-element-460c419 e-flex e-con-boxed e-con e-child\" data-id=\"460c419\" data-element_type=\"container\">\n\t\t\t\t\t<div class=\"e-con-inner\">\n\t\t<div class=\"elementor-element elementor-element-7c3eb1a e-con-full e-flex e-con e-child\" data-id=\"7c3eb1a\" data-element_type=\"container\" data-settings=\"{&quot;background_background&quot;:&quot;classic&quot;}\">\n\t\t\t\t<div class=\"elementor-element elementor-element-44a0b82 elementor-widget elementor-widget-heading\" data-id=\"44a0b82\" data-element_type=\"widget\" data-widget_type=\"heading.default\">\n\t\t\t\t<div class=\"elementor-widget-container\">\n\t\t\t<h2 class=\"elementor-heading-title elementor-size-default\">LAB + IT<\/h2>\t\t<\/div>\n\t\t\t\t<\/div>\n\t\t\t\t<\/div>\n\t\t<div class=\"elementor-element elementor-element-5a440a4 e-con-full e-flex e-con e-child\" data-id=\"5a440a4\" data-element_type=\"container\" data-settings=\"{&quot;background_background&quot;:&quot;classic&quot;}\">\n\t\t\t\t<div class=\"elementor-element elementor-element-56b0027 elementor-widget elementor-widget-text-editor\" data-id=\"56b0027\" data-element_type=\"widget\" data-widget_type=\"text-editor.default\">\n\t\t\t\t<div class=\"elementor-widget-container\">\n\t\t\t\t\t\t\t<p>O nome <b>LAB.IT<\/b> reflete nossa abordagem \u00fanica, combinando o rigor anal\u00edtico de um <b>laborat\u00f3rio(LAB)<\/b> com a agilidade e efici\u00eancia da <b>tecnologia da informa\u00e7\u00e3o(IT)<\/b>. Nosso produto estrela \u00e9 uma ferramenta de <b>Business Intelligence<\/b> altamente intuitiva, projetada para <b>simplificar a an\u00e1lise de dados<\/b> e proporcionar insights valiosos de maneira acess\u00edvel e eficaz.<\/p>\n<p><span style=\"color: var( --e-global-color-text ); font-family: var( --e-global-typography-text-font-family ), Sans-serif; font-size: var( --e-global-typography-text-font-size ); font-style: var( --e-global-typography-text-font-style ); font-weight: var( --e-global-typography-text-font-weight ); letter-spacing: var( --e-global-typography-text-letter-spacing ); text-transform: var( --e-global-typography-text-text-transform );\">Na LAB.IT, cultivamos uma cultura baseada na inova\u00e7\u00e3o e na supera\u00e7\u00e3o de desafios. Nossa equipe abra\u00e7a a premissa de que n\u00e3o existem obst\u00e1culos intranspon\u00edveis, substituindo o &#8220;n\u00e3o \u00e9 poss\u00edvel&#8221; pelo desafio de descobrir &#8220;como ser\u00e1 poss\u00edvel&#8221;. Essa mentalidade proativa nos impulsiona a encontrar solu\u00e7\u00f5es criativas e eficazes para qualquer problema que nossos clientes possam enfrentar.<\/span><br><\/p>\n<p>Al\u00e9m disso, temos a flexibilidade de trabalhar com diversas bases de dados nas an\u00e1lises, proporcionando uma vis\u00e3o abrangente e detalhada do seu neg\u00f3cio. Seja para <b>otimizar processos<\/b>, <b>identificar oportunidades de crescimento<\/b> ou tomar <b>decis\u00f5es estrat\u00e9gicas<\/b> fundamentadas, a LAB.IT est\u00e1 pronta para ser sua parceira de confian\u00e7a.<\/p>\n<p>Junte-se a n\u00f3s na jornada <b>rumo \u00e0 excel\u00eancia<\/b>, impulsionando a inova\u00e7\u00e3o e <b>transformando desafios em oportunidades<\/b>.&nbsp;<\/p>\n<p>Na LAB.IT, estamos comprometidos em levar sua empresa a novos patamares.<\/p>\t\t\t\t\t\t<\/div>\n\t\t\t\t<\/div>\n\t\t\t\t<\/div>\n\t\t\t\t\t<\/div>\n\t\t\t\t<\/div>\n\t\t<div class=\"elementor-element elementor-element-f94dfc8 e-flex e-con-boxed e-con e-child\" data-id=\"f94dfc8\" data-element_type=\"container\">\n\t\t\t\t\t<div class=\"e-con-inner\">\n\t\t<div class=\"elementor-element elementor-element-fa7e7a8 e-con-full e-flex e-con e-child\" data-id=\"fa7e7a8\" data-element_type=\"container\" data-settings=\"{&quot;background_background&quot;:&quot;classic&quot;}\">\n\t\t\t\t<div class=\"elementor-element elementor-element-c379180 elementor-position-right elementor-vertical-align-middle elementor-vertical-align-top elementor-widget elementor-widget-image-box\" data-id=\"c379180\" data-element_type=\"widget\" data-widget_type=\"image-box.default\">\n\t\t\t\t<div class=\"elementor-widget-container\">\n\t\t\t<style>\/*! elementor - v3.20.0 - 26-03-2024 *\/\n.elementor-widget-image-box .elementor-image-box-content{width:100%}@media (min-width:768px){.elementor-widget-image-box.elementor-position-left .elementor-image-box-wrapper,.elementor-widget-image-box.elementor-position-right .elementor-image-box-wrapper{display:flex}.elementor-widget-image-box.elementor-position-right .elementor-image-box-wrapper{text-align:right;flex-direction:row-reverse}.elementor-widget-image-box.elementor-position-left .elementor-image-box-wrapper{text-align:left;flex-direction:row}.elementor-widget-image-box.elementor-position-top .elementor-image-box-img{margin:auto}.elementor-widget-image-box.elementor-vertical-align-top .elementor-image-box-wrapper{align-items:flex-start}.elementor-widget-image-box.elementor-vertical-align-middle .elementor-image-box-wrapper{align-items:center}.elementor-widget-image-box.elementor-vertical-align-bottom .elementor-image-box-wrapper{align-items:flex-end}}@media (max-width:767px){.elementor-widget-image-box .elementor-image-box-img{margin-left:auto!important;margin-right:auto!important;margin-bottom:15px}}.elementor-widget-image-box .elementor-image-box-img{display:inline-block}.elementor-widget-image-box .elementor-image-box-title a{color:inherit}.elementor-widget-image-box .elementor-image-box-wrapper{text-align:center}.elementor-widget-image-box .elementor-image-box-description{margin:0}<\/style><div class=\"elementor-image-box-wrapper\"><figure class=\"elementor-image-box-img\"><img fetchpriority=\"high\" decoding=\"async\" width=\"1080\" height=\"1080\" src=\"https:\/\/labit.tec.br\/wp-content\/uploads\/2024\/04\/IMG_20220718_144656_871.jpg\" class=\"attachment-full size-full wp-image-299\" alt=\"\" srcset=\"https:\/\/labit.tec.br\/wp-content\/uploads\/2024\/04\/IMG_20220718_144656_871.jpg 1080w, https:\/\/labit.tec.br\/wp-content\/uploads\/2024\/04\/IMG_20220718_144656_871-300x300.jpg 300w, https:\/\/labit.tec.br\/wp-content\/uploads\/2024\/04\/IMG_20220718_144656_871-1024x1024.jpg 1024w, https:\/\/labit.tec.br\/wp-content\/uploads\/2024\/04\/IMG_20220718_144656_871-150x150.jpg 150w, https:\/\/labit.tec.br\/wp-content\/uploads\/2024\/04\/IMG_20220718_144656_871-768x768.jpg 768w\" sizes=\"(max-width: 1080px) 100vw, 1080px\" \/><\/figure><div class=\"elementor-image-box-content\"><h3 class=\"elementor-image-box-title\">Inova\u00e7\u00e3o Inspirada em Analises Cl\u00ednicas<\/h3><p class=\"elementor-image-box-description\">Nosso in\u00edcio se deu diante das demandas de inova\u00e7\u00e3o no din\u00e2mico cen\u00e1rio laboratorial. Nascemos a partir do evento \u201cReune\u201d, organizado pelo <b>Dr. Rafael Marin<\/b>, diretor do <b>grupo Rea\u00e7\u00e3o<\/b>, conhecido por fomentar a colabora\u00e7\u00e3o e a sinergia entre laborat\u00f3rios.<br><br>O primeiro passo da <b>LAB.IT<\/b> rumo ao sucesso foi o convite especial do <b>Dr. Jos\u00e9 Carlos Mamprim<\/b> para que nosso diretor <b>Wesley Medeiros<\/b> participasse do prestigiado evento \u201cReune\u201d. Esse convite n\u00e3o apenas reconheceu nosso potencial, mas tamb\u00e9m abriu portas para uma jornada extraordin\u00e1ria.<br><br>No palco do \u201cReune\u201d, apresentamos um case que n\u00e3o apenas capturou a aten\u00e7\u00e3o, mas tamb\u00e9m foi agraciado com o <b>primeiro lugar<\/b>, um marco significativo em nossa trajet\u00f3ria. Esse reconhecimento impulsionou a funda\u00e7\u00e3o da LAB.IT, abrindo caminho para a oferta de solu\u00e7\u00f5es inovadoras no mercado.<\/p><\/div><\/div>\t\t<\/div>\n\t\t\t\t<\/div>\n\t\t\t\t<\/div>\n\t\t\t\t\t<\/div>\n\t\t\t\t<\/div>\n\t\t\t\t\t<\/div>\n\t\t\t\t<\/div>\n\t\t\t\t<\/div>\n\t\t","protected":false},"excerpt":{"rendered":"<p>Quem somos Somos uma empresa focada em trazer solu\u00e7\u00f5es e resultados em an\u00e1lise de dados para seu neg\u00f3cio. Formamos a s\u00edntese perfeita entre gest\u00e3o de neg\u00f3cios em s\u00e1ude e tecnologia, onde a expertise de uma equipe multidisciplinar se une para oferecer solu\u00e7\u00f5es inovadoras e personalizadas. Com mais de duas d\u00e9cadas de experi\u00eancia nas \u00e1reas de [&hellip;]<\/p>\n","protected":false},"author":1,"featured_media":0,"parent":0,"menu_order":0,"comment_status":"closed","ping_status":"closed","template":"","meta":{"om_disable_all_campaigns":false,"_monsterinsights_skip_tracking":false,"_monsterinsights_sitenote_active":false,"_monsterinsights_sitenote_note":"","_monsterinsights_sitenote_category":0,"_uf_show_specific_survey":0,"_uf_disable_surveys":false,"footnotes":""},"class_list":["post-259","page","type-page","status-publish","hentry"],"aioseo_notices":[],"_links":{"self":[{"href":"https:\/\/labit.tec.br\/index.php\/wp-json\/wp\/v2\/pages\/259","targetHints":{"allow":["GET"]}}],"collection":[{"href":"https:\/\/labit.tec.br\/index.php\/wp-json\/wp\/v2\/pages"}],"about":[{"href":"https:\/\/labit.tec.br\/index.php\/wp-json\/wp\/v2\/types\/page"}],"author":[{"embeddable":true,"href":"https:\/\/labit.tec.br\/index.php\/wp-json\/wp\/v2\/users\/1"}],"replies":[{"embeddable":true,"href":"https:\/\/labit.tec.br\/index.php\/wp-json\/wp\/v2\/comments?post=259"}],"version-history":[{"count":66,"href":"https:\/\/labit.tec.br\/index.php\/wp-json\/wp\/v2\/pages\/259\/revisions"}],"predecessor-version":[{"id":337,"href":"https:\/\/labit.tec.br\/index.php\/wp-json\/wp\/v2\/pages\/259\/revisions\/337"}],"wp:attachment":[{"href":"https:\/\/labit.tec.br\/index.php\/wp-json\/wp\/v2\/media?parent=259"}],"curies":[{"name":"wp","href":"https:\/\/api.w.org\/{rel}","templated":true}]}}